{"id":2,"date":"2025-01-10T13:58:22","date_gmt":"2025-01-10T13:58:22","guid":{"rendered":"https:\/\/floryaescortsitesi.com\/?page_id=2"},"modified":"2026-04-28T07:25:57","modified_gmt":"2026-04-28T07:25:57","slug":"sample-page","status":"publish","type":"page","link":"https:\/\/floryaescortsitesi.com\/","title":{"rendered":"Florya Escort Sitesi &#8211; Florya Eskort Hizmetleri"},"content":{"rendered":"\r\n<div id=\"result\" data-v-5be9da9d=\"\">Florya&#8217;n\u0131n p\u0131r\u0131lt\u0131l\u0131 d\u00fcnyas\u0131ndan, <strong>Florya Escort<\/strong> ve zevk d\u00fc\u015fk\u00fcn\u00fc beyefendilere s\u0131cak selamlar g\u00f6ndermek \u00fczere buraday\u0131m.<\/div>\r\n<div data-v-5be9da9d=\"\">Ad\u0131m Selen, size yata\u011f\u0131n\u0131zda unutamayaca\u011f\u0131n\u0131z an\u0131lar ya\u015fatacak biriyim.<\/div>\r\n<div data-v-5be9da9d=\"\">\u00a0<\/div>\r\n<div data-v-5be9da9d=\"\">Romantikten vah\u015fiye, tatl\u0131dan cesura do\u011fru sizi s\u00fcr\u00fckleyebilecek bir g\u00fczelli\u011fim var ve bu g\u00fczelli\u011fi sizinle payla\u015fmak i\u00e7in sab\u0131rs\u0131zlan\u0131yorum. 176 cm boyunda, 64 kg a\u011f\u0131rl\u0131\u011f\u0131nda, s\u00fctun gibi bacaklara sahip, cazibeli bir kad\u0131n\u0131m. Uzun siyah sa\u00e7lar\u0131m, bak\u0131\u015flar\u0131mdan s\u00fcz\u00fclen ate\u015fli k\u0131v\u0131lc\u0131mlar ve tamamen do\u011fal bir v\u00fccut&#8230;<\/div>\r\n<p>Ziyaret Etmenizi \u00d6nderdi\u011fimiz Web Sayfalar\u0131 En al\u0131ml\u0131 <a title=\"istanbul escort\" href=\"https:\/\/www.secme.net\/\"><strong>istanbul escort<\/strong><\/a> kad\u0131nlar h\u0131zl\u0131 randevu sistemi.<br \/>Guzel ve \u00e7a\u011fda\u015f il\u00e7emizde <strong><a title=\"kad\u0131k\u00f6y escort\" href=\"https:\/\/miladyescorts.com\/\">kad\u0131k\u00f6y escort<\/a><\/strong> bayanlar hizmetinizde.<br \/>istanbulun ivmeli il\u00e7esinde <strong><a title=\"bak\u0131rk\u00f6y escort\" href=\"https:\/\/www.bakirkoyfal.com\/\">bak\u0131rk\u00f6y escort<\/a><\/strong> bayanlarin gercek profilleri burada. <br \/>Odemeyi yaln\u0131z do\u011frudan alan <strong><a title=\"atak\u00f6y escort\" href=\"https:\/\/goefast.com\/\">atak\u00f6y escort<\/a><\/strong> kadinlar sayfasi.<br \/>En ho\u015f ve ultra \u00e7ekici <strong>\u015fi\u015fli escort<\/strong> kizlari sizleri bekliyor.<br \/>Elit rezidanslariyla unlu semtimizde en seksi <strong>beylikd\u00fcz\u00fc escort<\/strong> kadinlarla bulusmak ister misiniz? Do\u011fru adresdesiniz.<br \/>Akdenizin en \u00f6zel \u015fehrinde <strong>antalya escort<\/strong> bayan bulmak isterseniz dogru adres.<br \/>Universiteli kizlarin ve en al\u0131ml\u0131 <strong>avc\u0131lar escort<\/strong> kizlarin randevu sayfasi.<br \/>Her ulustan bayan\u0131 kolayl\u0131kla bulabilece\u011finiz <strong>fatih escort<\/strong> web sayfas\u0131.<br \/>Elit ve Hususi bir <strong>be\u015fikta\u015f escort<\/strong> kad\u0131n aray\u0131\u015f\u0131ndaysan\u0131z ger\u00e7ek adrestesiniz.<\/p>\r\n<div data-v-5be9da9d=\"\">Beni g\u00f6rmeniz yetecek, kalbinizin ritmi h\u0131zlanacak ve akl\u0131n\u0131z ba\u015f\u0131n\u0131zdan gidecek. \u0130nan\u0131n bana, bu tarz bir g\u00fczelli\u011fi daha \u00f6nce hi\u00e7 deneyimleme \u015fans\u0131n\u0131z olmam\u0131\u015f olabilir. Lingerie denilince beyaz, siyah ve k\u0131rm\u0131z\u0131n\u0131n yan\u0131 s\u0131ra, pamuk pembesi i\u00e7 giysilerden ho\u015flan\u0131yorum.<\/div>\r\n<div data-v-5be9da9d=\"\">\r\n<figure id=\"attachment_10\" aria-describedby=\"caption-attachment-10\" style=\"width: 300px\" class=\"wp-caption alignnone\"><img loading=\"lazy\" decoding=\"async\" class=\"wp-image-10 size-medium\" src=\"https:\/\/floryaescortsitesi.com\/wp-content\/uploads\/2025\/01\/findikzade-escort-header-300x300.webp\" alt=\"florya escort kizlar\" width=\"300\" height=\"300\" srcset=\"https:\/\/floryaescortsitesi.com\/wp-content\/uploads\/2025\/01\/findikzade-escort-header-300x300.webp 300w, https:\/\/floryaescortsitesi.com\/wp-content\/uploads\/2025\/01\/findikzade-escort-header-150x150.webp 150w, https:\/\/floryaescortsitesi.com\/wp-content\/uploads\/2025\/01\/findikzade-escort-header-768x768.webp 768w, https:\/\/floryaescortsitesi.com\/wp-content\/uploads\/2025\/01\/findikzade-escort-header.webp 1024w\" sizes=\"auto, (max-width: 300px) 100vw, 300px\" \/><figcaption id=\"caption-attachment-10\" class=\"wp-caption-text\">florya escort kizlar<\/figcaption><\/figure>\r\n<\/div>\r\n<div data-v-5be9da9d=\"\">\u00a0<\/div>\r\n<div data-v-5be9da9d=\"\">K\u0131yafetlerim her zaman beni yans\u0131t\u0131r, hem seksi hem zarif&#8230; Minyon giysiler tercihimdir ancak bunlar, sadece cinsellikle ilgili olan yan\u0131m\u0131 d\u0131\u015fa yans\u0131tmak i\u00e7in kulland\u0131\u011f\u0131m aksesuarlar. \u00c7\u0131plakl\u0131k, bedenimi en iyi \u015fekilde sergileyebilmem i\u00e7in tek se\u00e7enekken, sokakta elbette pudra renkli tren\u00e7kotlar ve zarif pardes\u00fcler ile kendimi \u00f6rterim.<\/div>\r\n<h2>Florya Escort Hizmetleri<\/h2>\r\n<div data-v-5be9da9d=\"\">\u00a0<\/div>\r\n<div data-v-5be9da9d=\"\">Ancak bilin ki; pardes\u00fcy\u00fc \u00e7\u0131kard\u0131\u011f\u0131n\u0131zda sizi farkl\u0131 bir s\u00fcrpriz bekleyebilir. Belki hi\u00e7bir \u015fey giymemi\u015f olurum veya sizden bu tarz bir talep alabilirim.<\/div>\r\n<div data-v-5be9da9d=\"\">Hizmetlerim olduk\u00e7a geni\u015f bir yelpazeye yay\u0131l\u0131r; arad\u0131\u011f\u0131n\u0131z her t\u00fcr maceray\u0131 benimle ya\u015fayabilirsiniz.<\/div>\r\n<div data-v-5be9da9d=\"\">Oral seks, foot feti\u015f, role-play, light dominasyon, du\u015fta seks ve daha fazlas\u0131&#8230; Siz isteyin, ben ya\u015fataca\u011f\u0131m.<\/div>\r\n<div data-v-5be9da9d=\"\">\u00a0<\/div>\r\n<div data-v-5be9da9d=\"\">Uzun gecelik ili\u015fkilerden ho\u015flan\u0131yorum ancak randevusuz hi\u00e7bir g\u00f6r\u00fc\u015fme yapm\u0131yorum.<\/div>\r\n<div data-v-5be9da9d=\"\">Zaman\u0131n nas\u0131l ge\u00e7ti\u011fini anlamayaca\u011f\u0131n\u0131z anlar ya\u015famak i\u00e7in haz\u0131rsan\u0131z, Florya&#8217;n\u0131n en etkileyici escort bayan\u0131 Selen, sizinle tan\u0131\u015fmak i\u00e7in sab\u0131rs\u0131zlan\u0131yor.<\/div>\r\n<div data-v-5be9da9d=\"\">G\u00f6zlerinizi kapay\u0131n, kendinizi benimle hayal edin&#8230;<\/div>\r\n<div data-v-5be9da9d=\"\">\u0130\u015fte, \u015fimdi telefonunuzu al\u0131n ve numaram\u0131 tu\u015flay\u0131n. Hayalinizin ger\u00e7ek olma vakti geldi. G\u00f6r\u00fc\u015fmek \u00fczere&#8230;<\/div>\r\n","protected":false},"excerpt":{"rendered":"<p>Florya&#8217;n\u0131n p\u0131r\u0131lt\u0131l\u0131 d\u00fcnyas\u0131ndan, Florya Escort ve zevk d\u00fc\u015fk\u00fcn\u00fc beyefendilere s\u0131cak selamlar g\u00f6ndermek \u00fczere buraday\u0131m. Ad\u0131m Selen, size yata\u011f\u0131n\u0131zda unutamayaca\u011f\u0131n\u0131z an\u0131lar <span class=\"more-text\">&hellip;<\/span><\/p>\n","protected":false},"author":1,"featured_media":0,"parent":0,"menu_order":0,"comment_status":"closed","ping_status":"open","template":"","meta":{"footnotes":""},"class_list":["post-2","page","type-page","status-publish","hentry"],"aioseo_notices":[],"_links":{"self":[{"href":"https:\/\/floryaescortsitesi.com\/index.php\/wp-json\/wp\/v2\/pages\/2","targetHints":{"allow":["GET"]}}],"collection":[{"href":"https:\/\/floryaescortsitesi.com\/index.php\/wp-json\/wp\/v2\/pages"}],"about":[{"href":"https:\/\/floryaescortsitesi.com\/index.php\/wp-json\/wp\/v2\/types\/page"}],"author":[{"embeddable":true,"href":"https:\/\/floryaescortsitesi.com\/index.php\/wp-json\/wp\/v2\/users\/1"}],"replies":[{"embeddable":true,"href":"https:\/\/floryaescortsitesi.com\/index.php\/wp-json\/wp\/v2\/comments?post=2"}],"version-history":[{"count":6,"href":"https:\/\/floryaescortsitesi.com\/index.php\/wp-json\/wp\/v2\/pages\/2\/revisions"}],"predecessor-version":[{"id":26,"href":"https:\/\/floryaescortsitesi.com\/index.php\/wp-json\/wp\/v2\/pages\/2\/revisions\/26"}],"wp:attachment":[{"href":"https:\/\/floryaescortsitesi.com\/index.php\/wp-json\/wp\/v2\/media?parent=2"}],"curies":[{"name":"wp","href":"https:\/\/api.w.org\/{rel}","templated":true}]}}